{"id":1308,"date":"2021-08-25T14:15:39","date_gmt":"2021-08-25T12:15:39","guid":{"rendered":"https:\/\/www.scm-efficacyconsulting.com\/legal-notice\/"},"modified":"2021-10-12T10:02:31","modified_gmt":"2021-10-12T08:02:31","slug":"legal-notice","status":"publish","type":"page","link":"https:\/\/www.scm-efficacyconsulting.com\/en\/legal-notice\/","title":{"rendered":"Legal Notice"},"content":{"rendered":"<div class=\"fusion-fullwidth fullwidth-box fusion-builder-row-1 fusion-flex-container nonhundred-percent-fullwidth non-hundred-percent-height-scrolling\" style=\"background-color: rgba(255,255,255,0);background-position: center center;background-repeat: no-repeat;border-width: 0px 0px 0px 0px;border-color:#e2e2e2;border-style:solid;\" ><div class=\"fusion-builder-row fusion-row fusion-flex-align-items-flex-start\" style=\"max-width:1393.6px;margin-left: calc(-4% \/ 2 );margin-right: calc(-4% \/ 2 );\"><div class=\"fusion-layout-column fusion_builder_column fusion-builder-column-0 fusion_builder_column_1_1 1_1 fusion-flex-column\"><div class=\"fusion-column-wrapper fusion-flex-justify-content-flex-start fusion-content-layout-column\" style=\"background-position:left top;background-repeat:no-repeat;-webkit-background-size:cover;-moz-background-size:cover;-o-background-size:cover;background-size:cover;padding: 0px 140px 0px 140px;\"><div class=\"fusion-text fusion-text-1 sm-text-align-left\" style=\"text-align:justify;font-size:16px;line-height:20px;\"><p><strong> Preamble <\/strong><br \/>\nAccess and use of this website are subject to the conditions described below as well as to applicable laws and \/ or regulations. Connection and access to this website imply the full and unreserved acceptance of the user of all the provisions below.<\/p>\n<p><strong> Identification and publication <\/strong><br \/>\nThis website is published by:<\/p>\n<p>SCM Efficacy Consulting<br \/>\nPhone: +34 649 154 426<\/p>\n<p>E-mail: contact form accessible on this site or at the e-mail address contact@scm-efficacyconsulting.com<\/p>\n<p>Director of publication: V\u00e9ronique GALLARDO BIRAL<\/p>\n<p>The site is hosted by the company OVH SAS whose head office is located at 2 rue kellermann FR-59100 Roubaix RCS Roubaix &#8211; Tourcoing 424 761 419 00045 APE code 6202A VAT number: FR 22 424 761 419<\/p>\n<p><strong> Intellectual property <\/strong><br \/>\nSCM Efficacy Consulting advises users of this site that the elements of this site are protected by French copyright law and by trademark law.<br \/>\nAs such, any reproduction, representation, use, adaptation, modification, incorporation, translation, partial or complete marketing, in any way, in any form, by any process and on any medium whatsoever (paper, digital, etc.) are prohibited. , without the prior written permission of the owners of this website, apart from the exceptions legally permitted by the intellectual property code, under penalty of infringement liable to result in imprisonment and a substantial fine.<br \/>\nAll reproduction rights are reserved, including for downloadable documents and iconographic and photographic representations.<\/p>\n<p><strong> Hypertext links <\/strong><br \/>\nThe establishment of a hypertext link to this website requires the prior written authorization of SCM Efficacy Consulting.<br \/>\nAny link of this type will occur subject to the legal provisions in force. SCM Efficacy Consulting reserves the right, at any time, without notice and without having to justify their decision, to prohibit these links. In this case, they will inform the person concerned who will have 2 working days to end the link.<br \/>\nIn any event, SCM Efficacy Consulting is in no way responsible for the content or the products or services offered on the sites to which this website is linked by hypertext links or any other type of link.<br \/>\nSCM Efficacy Consulting declines all responsibility for the content available on other websites accessible from this website.<\/p>\n<p><strong> Responsibility <\/strong><br \/>\nSCM Efficacy Consulting cannot be held responsible for damages, independent of its fact, resulting from any malicious code such as virus in whatever form, from bug (s), or from any program or application which would be incompatible with the &#8216;infrastructure used by the user, nor damage suffered by the user as a result of a breakdown, interruption or error, evolution, repair, control, maintenance, technical problem, interruption of the telephone network, or networks or related services, overload, negligence or fault of a third party or the user, as well as in the event of events beyond the control of this website.<\/p>\n<p><strong> Limitation of liability <\/strong><br \/>\nInternet users use this website at their own risk. SCM Efficacy Consulting cannot be held responsible for any direct or indirect damage, including loss of data, profits and business interruption, resulting from a visit to the site, use or inability to use the content of this site.<\/p>\n<p><strong> Personal information <\/strong><br \/>\nThe personal data collected on this site are exclusively intended for SCM Efficacy Consulting. The use of this information is strictly limited for administrative and commercial management purposes.<br \/>\nInternet users are informed that they have the right to access, modify, delete and oppose data concerning them, in accordance with the Data Protection Act of January 6, 1978 as amended.<br \/>\nThese rights can be exercised by simple e-mail to contact@scm-efficacyconsulting.com<br \/>\nIn accordance with Decree No. 2007-451 of March 25, 2007, the processing of the request is subject to the prior production of a copy of a valid identity document.<\/p>\n<p><strong> Google Analytics <\/strong><br \/>\nThis website uses Google Analytics, a web analysis service provided by Google Inc. (&#8220;Google&#8221;). Google Analytics uses cookies, which are text files placed on your computer, to help the website analyze how users use the site.<br \/>\nThe data generated concerning your use of the site (including your IP address) will be transmitted and stored by Google on servers located in the United States. Google will use this information for the purpose of evaluating your use of the site, compiling reports on site activity for its publisher and providing other services relating to site activity and use of the site. &#8216;Internet. Google may communicate this data to third parties in the event of a legal obligation or when these third parties process this data on behalf of Google, including in particular the publisher of this site. Google will not match your IP address with any other data held by Google.<\/p>\n<p>You can deactivate the use of cookies by selecting the appropriate settings on your browser. However, such deactivation could prevent the use of certain features of this site. By using this website, you expressly consent to the processing of your personal data by Google under the conditions and for the purposes described above.<br \/>\nPersonal data transfers are made to Google Inc., a company that has adhered to Safe Harbor and offers adequate protection in the processing of personal data thus transferred.<\/p>\n<p><strong> Applicable law <\/strong><br \/>\nThis website and these legal notices are subject to French law.<\/p>\n<\/div><\/div><style type=\"text\/css\">.fusion-body .fusion-builder-column-0{width:100% !important;margin-top : 0px;margin-bottom : 20px;}.fusion-builder-column-0 > .fusion-column-wrapper {padding-top : 0px !important;padding-right : 140px !important;margin-right : 1.92%;padding-bottom : 0px !important;padding-left : 140px !important;margin-left : 1.92%;}@media only screen and (max-width:1024px) {.fusion-body .fusion-builder-column-0{width:100% !important;order : 0;}.fusion-builder-column-0 > .fusion-column-wrapper {padding-right : 120px !important;margin-right : 1.92%;padding-bottom : 60px !important;padding-left : 120px !important;margin-left : 1.92%;}}@media only screen and (max-width:640px) {.fusion-body .fusion-builder-column-0{width:100% !important;order : 0;}.fusion-builder-column-0 > .fusion-column-wrapper {padding-right : 0px !important;margin-right : 1.92%;padding-left : 0px !important;margin-left : 1.92%;}}<\/style><\/div><\/div><style type=\"text\/css\">.fusion-body .fusion-flex-container.fusion-builder-row-1{ padding-top : 20px;margin-top : 0px;padding-right : 0px;padding-bottom : 20px;margin-bottom : 0px;padding-left : 0px;}@media only screen and (max-width:1024px) {.fusion-body .fusion-flex-container.fusion-builder-row-1{ padding-top : 60px;padding-right : 14px;padding-left : 22px;}}@media only screen and (max-width:640px) {.fusion-body .fusion-flex-container.fusion-builder-row-1{ padding-bottom : 40px;}}<\/style><\/div>\n","protected":false},"excerpt":{"rendered":"","protected":false},"author":2,"featured_media":0,"parent":0,"menu_order":0,"comment_status":"closed","ping_status":"closed","template":"100-width.php","meta":{"footnotes":""},"class_list":["post-1308","page","type-page","status-publish","hentry"],"yoast_head":"<!-- This site is optimized with the Yoast SEO plugin v27.4 - https:\/\/yoast.com\/product\/yoast-seo-wordpress\/ -->\n<title>Legal Notice - SCM Efficacy Consulting<\/title>\n<meta name=\"description\" content=\"SUPPLY CHAIN MANAGEMENT - LEAN MANAGEMENT - LEAN MANUFACTURING - Flexibilit\u00e9, Efficacit\u00e9 et Adaptabilit\u00e9 - Pr\u00e9parons votre avenir ensemble.\" \/>\n<meta name=\"robots\" content=\"index, follow, max-snippet:-1, max-image-preview:large, max-video-preview:-1\" \/>\n<link rel=\"canonical\" href=\"https:\/\/www.scm-efficacyconsulting.com\/en\/legal-notice\/\" \/>\n<meta property=\"og:locale\" content=\"en_US\" \/>\n<meta property=\"og:type\" content=\"article\" \/>\n<meta property=\"og:title\" content=\"Legal Notice - SCM Efficacy Consulting\" \/>\n<meta property=\"og:description\" content=\"SUPPLY CHAIN MANAGEMENT - LEAN MANAGEMENT - LEAN MANUFACTURING - Flexibilit\u00e9, Efficacit\u00e9 et Adaptabilit\u00e9 - Pr\u00e9parons votre avenir ensemble.\" \/>\n<meta property=\"og:url\" content=\"https:\/\/www.scm-efficacyconsulting.com\/en\/legal-notice\/\" \/>\n<meta property=\"og:site_name\" content=\"SCM Efficacy Consulting\" \/>\n<meta property=\"article:modified_time\" content=\"2021-10-12T08:02:31+00:00\" \/>\n<meta name=\"twitter:card\" content=\"summary_large_image\" \/>\n<meta name=\"twitter:label1\" content=\"Est. reading time\" \/>\n\t<meta name=\"twitter:data1\" content=\"7 minutes\" \/>\n<script type=\"application\/ld+json\" class=\"yoast-schema-graph\">{\"@context\":\"https:\\\/\\\/schema.org\",\"@graph\":[{\"@type\":\"WebPage\",\"@id\":\"https:\\\/\\\/www.scm-efficacyconsulting.com\\\/en\\\/legal-notice\\\/\",\"url\":\"https:\\\/\\\/www.scm-efficacyconsulting.com\\\/en\\\/legal-notice\\\/\",\"name\":\"Legal Notice - SCM Efficacy Consulting\",\"isPartOf\":{\"@id\":\"https:\\\/\\\/www.scm-efficacyconsulting.com\\\/#website\"},\"datePublished\":\"2021-08-25T12:15:39+00:00\",\"dateModified\":\"2021-10-12T08:02:31+00:00\",\"description\":\"SUPPLY CHAIN MANAGEMENT - LEAN MANAGEMENT - LEAN MANUFACTURING - Flexibilit\u00e9, Efficacit\u00e9 et Adaptabilit\u00e9 - Pr\u00e9parons votre avenir ensemble.\",\"breadcrumb\":{\"@id\":\"https:\\\/\\\/www.scm-efficacyconsulting.com\\\/en\\\/legal-notice\\\/#breadcrumb\"},\"inLanguage\":\"en-US\",\"potentialAction\":[{\"@type\":\"ReadAction\",\"target\":[\"https:\\\/\\\/www.scm-efficacyconsulting.com\\\/en\\\/legal-notice\\\/\"]}]},{\"@type\":\"BreadcrumbList\",\"@id\":\"https:\\\/\\\/www.scm-efficacyconsulting.com\\\/en\\\/legal-notice\\\/#breadcrumb\",\"itemListElement\":[{\"@type\":\"ListItem\",\"position\":1,\"name\":\"Accueil\",\"item\":\"https:\\\/\\\/www.scm-efficacyconsulting.com\\\/en\\\/\"},{\"@type\":\"ListItem\",\"position\":2,\"name\":\"Legal Notice\"}]},{\"@type\":\"WebSite\",\"@id\":\"https:\\\/\\\/www.scm-efficacyconsulting.com\\\/#website\",\"url\":\"https:\\\/\\\/www.scm-efficacyconsulting.com\\\/\",\"name\":\"SCM Efficacy Consulting\",\"description\":\"SUPPLY CHAIN MANAGEMENT - LEAN MANAGEMENT\",\"publisher\":{\"@id\":\"https:\\\/\\\/www.scm-efficacyconsulting.com\\\/#organization\"},\"potentialAction\":[{\"@type\":\"SearchAction\",\"target\":{\"@type\":\"EntryPoint\",\"urlTemplate\":\"https:\\\/\\\/www.scm-efficacyconsulting.com\\\/?s={search_term_string}\"},\"query-input\":{\"@type\":\"PropertyValueSpecification\",\"valueRequired\":true,\"valueName\":\"search_term_string\"}}],\"inLanguage\":\"en-US\"},{\"@type\":\"Organization\",\"@id\":\"https:\\\/\\\/www.scm-efficacyconsulting.com\\\/#organization\",\"name\":\"SCM Efficacy Consulting\",\"url\":\"https:\\\/\\\/www.scm-efficacyconsulting.com\\\/\",\"logo\":{\"@type\":\"ImageObject\",\"inLanguage\":\"en-US\",\"@id\":\"https:\\\/\\\/www.scm-efficacyconsulting.com\\\/#\\\/schema\\\/logo\\\/image\\\/\",\"url\":\"https:\\\/\\\/www.scm-efficacyconsulting.com\\\/wp-content\\\/uploads\\\/2021\\\/07\\\/LogoSupplyChainManagement_299x282.png\",\"contentUrl\":\"https:\\\/\\\/www.scm-efficacyconsulting.com\\\/wp-content\\\/uploads\\\/2021\\\/07\\\/LogoSupplyChainManagement_299x282.png\",\"width\":299,\"height\":282,\"caption\":\"SCM Efficacy Consulting\"},\"image\":{\"@id\":\"https:\\\/\\\/www.scm-efficacyconsulting.com\\\/#\\\/schema\\\/logo\\\/image\\\/\"}}]}<\/script>\n<!-- \/ Yoast SEO plugin. -->","yoast_head_json":{"title":"Legal Notice - SCM Efficacy Consulting","description":"SUPPLY CHAIN MANAGEMENT - LEAN MANAGEMENT - LEAN MANUFACTURING - Flexibilit\u00e9, Efficacit\u00e9 et Adaptabilit\u00e9 - Pr\u00e9parons votre avenir ensemble.","robots":{"index":"index","follow":"follow","max-snippet":"max-snippet:-1","max-image-preview":"max-image-preview:large","max-video-preview":"max-video-preview:-1"},"canonical":"https:\/\/www.scm-efficacyconsulting.com\/en\/legal-notice\/","og_locale":"en_US","og_type":"article","og_title":"Legal Notice - SCM Efficacy Consulting","og_description":"SUPPLY CHAIN MANAGEMENT - LEAN MANAGEMENT - LEAN MANUFACTURING - Flexibilit\u00e9, Efficacit\u00e9 et Adaptabilit\u00e9 - Pr\u00e9parons votre avenir ensemble.","og_url":"https:\/\/www.scm-efficacyconsulting.com\/en\/legal-notice\/","og_site_name":"SCM Efficacy Consulting","article_modified_time":"2021-10-12T08:02:31+00:00","twitter_card":"summary_large_image","twitter_misc":{"Est. reading time":"7 minutes"},"schema":{"@context":"https:\/\/schema.org","@graph":[{"@type":"WebPage","@id":"https:\/\/www.scm-efficacyconsulting.com\/en\/legal-notice\/","url":"https:\/\/www.scm-efficacyconsulting.com\/en\/legal-notice\/","name":"Legal Notice - SCM Efficacy Consulting","isPartOf":{"@id":"https:\/\/www.scm-efficacyconsulting.com\/#website"},"datePublished":"2021-08-25T12:15:39+00:00","dateModified":"2021-10-12T08:02:31+00:00","description":"SUPPLY CHAIN MANAGEMENT - LEAN MANAGEMENT - LEAN MANUFACTURING - Flexibilit\u00e9, Efficacit\u00e9 et Adaptabilit\u00e9 - Pr\u00e9parons votre avenir ensemble.","breadcrumb":{"@id":"https:\/\/www.scm-efficacyconsulting.com\/en\/legal-notice\/#breadcrumb"},"inLanguage":"en-US","potentialAction":[{"@type":"ReadAction","target":["https:\/\/www.scm-efficacyconsulting.com\/en\/legal-notice\/"]}]},{"@type":"BreadcrumbList","@id":"https:\/\/www.scm-efficacyconsulting.com\/en\/legal-notice\/#breadcrumb","itemListElement":[{"@type":"ListItem","position":1,"name":"Accueil","item":"https:\/\/www.scm-efficacyconsulting.com\/en\/"},{"@type":"ListItem","position":2,"name":"Legal Notice"}]},{"@type":"WebSite","@id":"https:\/\/www.scm-efficacyconsulting.com\/#website","url":"https:\/\/www.scm-efficacyconsulting.com\/","name":"SCM Efficacy Consulting","description":"SUPPLY CHAIN MANAGEMENT - LEAN MANAGEMENT","publisher":{"@id":"https:\/\/www.scm-efficacyconsulting.com\/#organization"},"potentialAction":[{"@type":"SearchAction","target":{"@type":"EntryPoint","urlTemplate":"https:\/\/www.scm-efficacyconsulting.com\/?s={search_term_string}"},"query-input":{"@type":"PropertyValueSpecification","valueRequired":true,"valueName":"search_term_string"}}],"inLanguage":"en-US"},{"@type":"Organization","@id":"https:\/\/www.scm-efficacyconsulting.com\/#organization","name":"SCM Efficacy Consulting","url":"https:\/\/www.scm-efficacyconsulting.com\/","logo":{"@type":"ImageObject","inLanguage":"en-US","@id":"https:\/\/www.scm-efficacyconsulting.com\/#\/schema\/logo\/image\/","url":"https:\/\/www.scm-efficacyconsulting.com\/wp-content\/uploads\/2021\/07\/LogoSupplyChainManagement_299x282.png","contentUrl":"https:\/\/www.scm-efficacyconsulting.com\/wp-content\/uploads\/2021\/07\/LogoSupplyChainManagement_299x282.png","width":299,"height":282,"caption":"SCM Efficacy Consulting"},"image":{"@id":"https:\/\/www.scm-efficacyconsulting.com\/#\/schema\/logo\/image\/"}}]}},"_links":{"self":[{"href":"https:\/\/www.scm-efficacyconsulting.com\/en\/wp-json\/wp\/v2\/pages\/1308","targetHints":{"allow":["GET"]}}],"collection":[{"href":"https:\/\/www.scm-efficacyconsulting.com\/en\/wp-json\/wp\/v2\/pages"}],"about":[{"href":"https:\/\/www.scm-efficacyconsulting.com\/en\/wp-json\/wp\/v2\/types\/page"}],"author":[{"embeddable":true,"href":"https:\/\/www.scm-efficacyconsulting.com\/en\/wp-json\/wp\/v2\/users\/2"}],"replies":[{"embeddable":true,"href":"https:\/\/www.scm-efficacyconsulting.com\/en\/wp-json\/wp\/v2\/comments?post=1308"}],"version-history":[{"count":8,"href":"https:\/\/www.scm-efficacyconsulting.com\/en\/wp-json\/wp\/v2\/pages\/1308\/revisions"}],"predecessor-version":[{"id":1945,"href":"https:\/\/www.scm-efficacyconsulting.com\/en\/wp-json\/wp\/v2\/pages\/1308\/revisions\/1945"}],"wp:attachment":[{"href":"https:\/\/www.scm-efficacyconsulting.com\/en\/wp-json\/wp\/v2\/media?parent=1308"}],"curies":[{"name":"wp","href":"https:\/\/api.w.org\/{rel}","templated":true}]}}